{"id":1032,"date":"2023-04-22T11:23:38","date_gmt":"2023-04-22T11:23:38","guid":{"rendered":"https:\/\/cozystay.loftocean.com\/apartment\/?page_id=1032"},"modified":"2025-10-06T12:22:44","modified_gmt":"2025-10-06T09:22:44","slug":"rooms","status":"publish","type":"page","link":"https:\/\/mirahotelyali.com\/index.php\/rooms\/","title":{"rendered":"Rooms"},"content":{"rendered":"\t\t<div data-elementor-type=\"wp-page\" data-elementor-id=\"1032\" class=\"elementor elementor-1032\">\n\t\t\t\t\t\t<section class=\"elementor-section elementor-top-section elementor-element elementor-element-ed2fcc0 elementor-section-boxed elementor-section-height-default elementor-section-height-default\" data-id=\"ed2fcc0\" data-element_type=\"section\">\n\t\t\t\t\t\t<div class=\"elementor-container elementor-column-gap-no\">\n\t\t\t\t\t<div class=\"elementor-column elementor-col-100 elementor-top-column elementor-element elementor-element-28bcbe9\" data-id=\"28bcbe9\" data-element_type=\"column\">\n\t\t\t<div class=\"elementor-widget-wrap elementor-element-populated\">\n\t\t\t\t\t\t<div class=\"elementor-element elementor-element-31ef03a elementor-widget elementor-widget-cs_title\" data-id=\"31ef03a\" data-element_type=\"widget\" data-widget_type=\"cs_title.default\">\n\t\t\t\t<div class=\"elementor-widget-container\">\n\t\t\t\t\t\n        <div class=\"cs-title-wrap text-center\">\t            <h5 class=\"cs-title\">\n\t                Konfor \u0130\u00e7in Her \u015eey D\u00fc\u015f\u00fcn\u00fcld\u00fc\t            <\/h5>\t            <div class=\"cs-title-text\">\n\t                <p>\u015eehrin merkezi konumunda bulunan otelimiz, ister i\u015f seyahati, ister tatil ama\u00e7l\u0131 konaklamalar\u0131n\u0131z i\u00e7in ideal bir tercih sunar. Konforlu odalar\u0131m\u0131z ve modern olanaklar\u0131m\u0131z, rahatlamak ve enerjinizi yenilemek i\u00e7in m\u00fckemmel bir ortam sa\u011flar. Hem i\u015f hem de turistik geziler i\u00e7in uygun olan otelimiz, misafirlerine kaliteli ve keyifli bir konaklama deneyimi sunmay\u0131 hedefler.<\/p>\t            <\/div>        <\/div>\t\t\t\t<\/div>\n\t\t\t\t<\/div>\n\t\t\t\t\t<\/div>\n\t\t<\/div>\n\t\t\t\t\t<\/div>\n\t\t<\/section>\n\t\t\t\t<section class=\"elementor-section elementor-top-section elementor-element elementor-element-f919eda elementor-section-boxed elementor-section-height-default elementor-section-height-default\" data-id=\"f919eda\" data-element_type=\"section\">\n\t\t\t\t\t\t<div class=\"elementor-container elementor-column-gap-no\">\n\t\t\t\t\t<div class=\"elementor-column elementor-col-33 elementor-top-column elementor-element elementor-element-e218ad0\" data-id=\"e218ad0\" data-element_type=\"column\">\n\t\t\t<div class=\"elementor-widget-wrap elementor-element-populated\">\n\t\t\t\t\t\t<div class=\"elementor-element elementor-element-ed4f3de cs-animation-small-offset elementor-invisible elementor-widget elementor-widget-cs_fancy_card\" data-id=\"ed4f3de\" data-element_type=\"widget\" data-settings=\"{&quot;_animation&quot;:&quot;fadeInDown&quot;,&quot;_animation_delay&quot;:200}\" data-widget_type=\"cs_fancy_card.default\">\n\t\t\t\t<div class=\"elementor-widget-container\">\n\t\t\t\t\t\n\t\t<div class=\"cs-fancy-card style-2 text-center cs-hover-img-zoom\">\n            <div class=\"cs-fc-wrap\">\t                <a class=\"cs-fc-link\" href=\"https:\/\/mirahotelyali.com\/index.php\/jakuzili-deluxe-oda\/\" aria-label=\"Fancy Card Link\"><\/a>\t               \t<div class=\"cs-fc-img\">\n\t                    <img fetchpriority=\"high\" decoding=\"async\" width=\"550\" height=\"841\" src=\"https:\/\/mirahotelyali.com\/wp-content\/uploads\/2025\/09\/jakuzili-oda--550x841.jpg\" class=\"attachment-cozystay_550x9999 size-cozystay_550x9999 wp-image-2577\" alt=\"\" srcset=\"https:\/\/mirahotelyali.com\/wp-content\/uploads\/2025\/09\/jakuzili-oda--550x841.jpg 550w, https:\/\/mirahotelyali.com\/wp-content\/uploads\/2025\/09\/jakuzili-oda--196x300.jpg 196w, https:\/\/mirahotelyali.com\/wp-content\/uploads\/2025\/09\/jakuzili-oda--600x917.jpg 600w, https:\/\/mirahotelyali.com\/wp-content\/uploads\/2025\/09\/jakuzili-oda--370x565.jpg 370w, https:\/\/mirahotelyali.com\/wp-content\/uploads\/2025\/09\/jakuzili-oda--255x390.jpg 255w, https:\/\/mirahotelyali.com\/wp-content\/uploads\/2025\/09\/jakuzili-oda-.jpg 670w\" sizes=\"(max-width: 550px) 100vw, 550px\" \/>\t                <\/div>\n                <div class=\"cs-fc-content\">\t\t\t            <h6 class=\"cs-fc-title cs-title\">\n\t\t\t                Jakuzili Deluxe Oda\t\t\t            <\/h6>\t\t\t\t<\/div>\n            <\/div>\n        <\/div>\t\t\t\t<\/div>\n\t\t\t\t<\/div>\n\t\t\t\t\t<\/div>\n\t\t<\/div>\n\t\t\t\t<div class=\"elementor-column elementor-col-33 elementor-top-column elementor-element elementor-element-7c352ee\" data-id=\"7c352ee\" data-element_type=\"column\">\n\t\t\t<div class=\"elementor-widget-wrap elementor-element-populated\">\n\t\t\t\t\t\t<div class=\"elementor-element elementor-element-11931d0 cs-animation-small-offset elementor-invisible elementor-widget elementor-widget-cs_fancy_card\" data-id=\"11931d0\" data-element_type=\"widget\" data-settings=\"{&quot;_animation&quot;:&quot;fadeInUp&quot;,&quot;_animation_delay&quot;:200}\" data-widget_type=\"cs_fancy_card.default\">\n\t\t\t\t<div class=\"elementor-widget-container\">\n\t\t\t\t\t\n\t\t<div class=\"cs-fancy-card style-2 text-center cs-hover-img-zoom\">\n            <div class=\"cs-fc-wrap\">\t                <a class=\"cs-fc-link\" href=\"https:\/\/mirahotelyali.com\/index.php\/manzarali-deluxe-oda\/\" aria-label=\"Fancy Card Link\"><\/a>\t               \t<div class=\"cs-fc-img\">\n\t                    <img decoding=\"async\" width=\"550\" height=\"841\" src=\"https:\/\/mirahotelyali.com\/wp-content\/uploads\/2025\/09\/20250922_18424-550x841.jpg\" class=\"attachment-cozystay_550x9999 size-cozystay_550x9999 wp-image-2578\" alt=\"\" srcset=\"https:\/\/mirahotelyali.com\/wp-content\/uploads\/2025\/09\/20250922_18424-550x841.jpg 550w, https:\/\/mirahotelyali.com\/wp-content\/uploads\/2025\/09\/20250922_18424-196x300.jpg 196w, https:\/\/mirahotelyali.com\/wp-content\/uploads\/2025\/09\/20250922_18424-600x917.jpg 600w, https:\/\/mirahotelyali.com\/wp-content\/uploads\/2025\/09\/20250922_18424-370x565.jpg 370w, https:\/\/mirahotelyali.com\/wp-content\/uploads\/2025\/09\/20250922_18424-255x390.jpg 255w, https:\/\/mirahotelyali.com\/wp-content\/uploads\/2025\/09\/20250922_18424.jpg 670w\" sizes=\"(max-width: 550px) 100vw, 550px\" \/>\t                <\/div>\n                <div class=\"cs-fc-content\">\t\t\t            <h6 class=\"cs-fc-title cs-title\">\n\t\t\t                Manzaral\u0131 Deluxe Oda\t\t\t            <\/h6>\t\t\t\t<\/div>\n            <\/div>\n        <\/div>\t\t\t\t<\/div>\n\t\t\t\t<\/div>\n\t\t\t\t\t<\/div>\n\t\t<\/div>\n\t\t\t\t<div class=\"elementor-column elementor-col-33 elementor-top-column elementor-element elementor-element-b3e9d5b\" data-id=\"b3e9d5b\" data-element_type=\"column\">\n\t\t\t<div class=\"elementor-widget-wrap elementor-element-populated\">\n\t\t\t\t\t\t<div class=\"elementor-element elementor-element-a21d9e0 cs-animation-small-offset elementor-invisible elementor-widget elementor-widget-cs_fancy_card\" data-id=\"a21d9e0\" data-element_type=\"widget\" data-settings=\"{&quot;_animation&quot;:&quot;fadeInDown&quot;,&quot;_animation_delay&quot;:200}\" data-widget_type=\"cs_fancy_card.default\">\n\t\t\t\t<div class=\"elementor-widget-container\">\n\t\t\t\t\t\n\t\t<div class=\"cs-fancy-card style-2 text-center cs-hover-img-zoom\">\n            <div class=\"cs-fc-wrap\">\t                <a class=\"cs-fc-link\" href=\"https:\/\/mirahotelyali.com\/index.php\/junior_suit\/\" aria-label=\"Fancy Card Link\"><\/a>\t               \t<div class=\"cs-fc-img\">\n\t                    <img decoding=\"async\" width=\"550\" height=\"841\" src=\"https:\/\/mirahotelyali.com\/wp-content\/uploads\/2025\/09\/20250922_1847224-550x841.jpg\" class=\"attachment-cozystay_550x9999 size-cozystay_550x9999 wp-image-2579\" alt=\"\" srcset=\"https:\/\/mirahotelyali.com\/wp-content\/uploads\/2025\/09\/20250922_1847224-550x841.jpg 550w, https:\/\/mirahotelyali.com\/wp-content\/uploads\/2025\/09\/20250922_1847224-196x300.jpg 196w, https:\/\/mirahotelyali.com\/wp-content\/uploads\/2025\/09\/20250922_1847224-600x917.jpg 600w, https:\/\/mirahotelyali.com\/wp-content\/uploads\/2025\/09\/20250922_1847224-370x565.jpg 370w, https:\/\/mirahotelyali.com\/wp-content\/uploads\/2025\/09\/20250922_1847224-255x390.jpg 255w, https:\/\/mirahotelyali.com\/wp-content\/uploads\/2025\/09\/20250922_1847224.jpg 670w\" sizes=\"(max-width: 550px) 100vw, 550px\" \/>\t                <\/div>\n                <div class=\"cs-fc-content\">\t\t\t            <h6 class=\"cs-fc-title cs-title\">\n\t\t\t                Junior Suit 1+1\t\t\t            <\/h6>\t\t\t\t<\/div>\n            <\/div>\n        <\/div>\t\t\t\t<\/div>\n\t\t\t\t<\/div>\n\t\t\t\t\t<\/div>\n\t\t<\/div>\n\t\t\t\t\t<\/div>\n\t\t<\/section>\n\t\t\t\t<\/div>\n\t\t","protected":false},"excerpt":{"rendered":"<p>Konfor \u0130\u00e7in Her \u015eey D\u00fc\u015f\u00fcn\u00fcld\u00fc \u015eehrin merkezi konumunda bulunan otelimiz, ister i\u015f seyahati, ister tatil ama\u00e7l\u0131 konaklamalar\u0131n\u0131z i\u00e7in ideal bir tercih sunar. Konforlu odalar\u0131m\u0131z ve modern olanaklar\u0131m\u0131z, rahatlamak ve enerjinizi yenilemek i\u00e7in m\u00fckemmel bir ortam sa\u011flar. Hem i\u015f hem de turistik geziler i\u00e7in uygun olan otelimiz, misafirlerine kaliteli ve keyifli bir konaklama deneyimi sunmay\u0131 hedefler. &#8230;<\/p>\n","protected":false},"author":1,"featured_media":0,"parent":0,"menu_order":0,"comment_status":"closed","ping_status":"closed","template":"template-wide-content.php","meta":{"cozystay_single_page_hide_site_header":"","cozystay_single_page_site_header_source":"","cozystay_single_page_custom_site_header":"0","cozystay_single_page_custom_sticky_site_header":"0","cozystay_single_page_hide_page_title":"on","cozystay_single_page_header_section_size":"","cozystay_single_page_header_background_color":"","cozystay_single_page_header_background_position_x":"center","cozystay_single_page_header_background_position_y":"center","cozystay_single_page_header_background_size":"cover","cozystay_single_page_header_background_repeat":"off","cozystay_single_page_header_background_scroll":"on","cozystay_single_page_header_text_color":"","cozystay_single_page_header_show_breadcrumb":"","cozystay_single_page_site_footer_hide_main":"","cozystay_single_custom_site_footer_main_source":"","cozystay_single_custom_site_footer_main":"0","cozystay_single_page_site_footer_hide_above":"","cozystay_single_custom_site_footer_above_source":"","cozystay_single_custom_site_footer_above":"0","cozystay_single_page_site_footer_hide_instagram":"","cozystay_single_page_site_footer_hide_bottom":"","cozystay_single_custom_mobile_menu_source":"","cozystay_single_custom_mobile_menu":"0","cozystay_single_custom_mobile_menu_animation":"","cozystay_single_custom_mobile_menu_width":"","cozystay_single_custom_mobile_menu_custom_width":375,"footnotes":""},"class_list":["post-1032","page","type-page","status-publish","hentry"],"yoast_head":"<!-- This site is optimized with the Yoast SEO plugin v25.9 - https:\/\/yoast.com\/wordpress\/plugins\/seo\/ -->\n<title>Rooms - Mira Hotel K\u00fc\u00e7\u00fckyal\u0131<\/title>\n<meta name=\"robots\" content=\"index, follow, max-snippet:-1, max-image-preview:large, max-video-preview:-1\" \/>\n<link rel=\"canonical\" href=\"https:\/\/mirahotelyali.com\/index.php\/rooms\/\" \/>\n<meta property=\"og:locale\" content=\"tr_TR\" \/>\n<meta property=\"og:type\" content=\"article\" \/>\n<meta property=\"og:title\" content=\"Rooms - Mira Hotel K\u00fc\u00e7\u00fckyal\u0131\" \/>\n<meta property=\"og:description\" content=\"Konfor \u0130\u00e7in Her \u015eey D\u00fc\u015f\u00fcn\u00fcld\u00fc \u015eehrin merkezi konumunda bulunan otelimiz, ister i\u015f seyahati, ister tatil ama\u00e7l\u0131 konaklamalar\u0131n\u0131z i\u00e7in ideal bir tercih sunar. Konforlu odalar\u0131m\u0131z ve modern olanaklar\u0131m\u0131z, rahatlamak ve enerjinizi yenilemek i\u00e7in m\u00fckemmel bir ortam sa\u011flar. Hem i\u015f hem de turistik geziler i\u00e7in uygun olan otelimiz, misafirlerine kaliteli ve keyifli bir konaklama deneyimi sunmay\u0131 hedefler. ...\" \/>\n<meta property=\"og:url\" content=\"https:\/\/mirahotelyali.com\/index.php\/rooms\/\" \/>\n<meta property=\"og:site_name\" content=\"Mira Hotel K\u00fc\u00e7\u00fckyal\u0131\" \/>\n<meta property=\"article:modified_time\" content=\"2025-10-06T09:22:44+00:00\" \/>\n<meta property=\"og:image\" content=\"https:\/\/mirahotelyali.com\/wp-content\/uploads\/2025\/09\/jakuzili-oda-.jpg\" \/>\n\t<meta property=\"og:image:width\" content=\"670\" \/>\n\t<meta property=\"og:image:height\" content=\"1024\" \/>\n\t<meta property=\"og:image:type\" content=\"image\/jpeg\" \/>\n<meta name=\"twitter:card\" content=\"summary_large_image\" \/>\n<meta name=\"twitter:label1\" content=\"Tahmini okuma s\u00fcresi\" \/>\n\t<meta name=\"twitter:data1\" content=\"1 dakika\" \/>\n<script type=\"application\/ld+json\" class=\"yoast-schema-graph\">{\"@context\":\"https:\/\/schema.org\",\"@graph\":[{\"@type\":\"WebPage\",\"@id\":\"https:\/\/mirahotelyali.com\/index.php\/rooms\/\",\"url\":\"https:\/\/mirahotelyali.com\/index.php\/rooms\/\",\"name\":\"Rooms - Mira Hotel K\u00fc\u00e7\u00fckyal\u0131\",\"isPartOf\":{\"@id\":\"https:\/\/mirahotelyali.com\/#website\"},\"primaryImageOfPage\":{\"@id\":\"https:\/\/mirahotelyali.com\/index.php\/rooms\/#primaryimage\"},\"image\":{\"@id\":\"https:\/\/mirahotelyali.com\/index.php\/rooms\/#primaryimage\"},\"thumbnailUrl\":\"https:\/\/mirahotelyali.com\/wp-content\/uploads\/2025\/09\/jakuzili-oda--550x841.jpg\",\"datePublished\":\"2023-04-22T11:23:38+00:00\",\"dateModified\":\"2025-10-06T09:22:44+00:00\",\"breadcrumb\":{\"@id\":\"https:\/\/mirahotelyali.com\/index.php\/rooms\/#breadcrumb\"},\"inLanguage\":\"tr\",\"potentialAction\":[{\"@type\":\"ReadAction\",\"target\":[\"https:\/\/mirahotelyali.com\/index.php\/rooms\/\"]}]},{\"@type\":\"ImageObject\",\"inLanguage\":\"tr\",\"@id\":\"https:\/\/mirahotelyali.com\/index.php\/rooms\/#primaryimage\",\"url\":\"https:\/\/mirahotelyali.com\/wp-content\/uploads\/2025\/09\/jakuzili-oda-.jpg\",\"contentUrl\":\"https:\/\/mirahotelyali.com\/wp-content\/uploads\/2025\/09\/jakuzili-oda-.jpg\",\"width\":670,\"height\":1024},{\"@type\":\"BreadcrumbList\",\"@id\":\"https:\/\/mirahotelyali.com\/index.php\/rooms\/#breadcrumb\",\"itemListElement\":[{\"@type\":\"ListItem\",\"position\":1,\"name\":\"Home\",\"item\":\"https:\/\/mirahotelyali.com\/\"},{\"@type\":\"ListItem\",\"position\":2,\"name\":\"Rooms\"}]},{\"@type\":\"WebSite\",\"@id\":\"https:\/\/mirahotelyali.com\/#website\",\"url\":\"https:\/\/mirahotelyali.com\/\",\"name\":\"Mira Hotel K\u00fc\u00e7\u00fckyal\u0131\",\"description\":\"\",\"potentialAction\":[{\"@type\":\"SearchAction\",\"target\":{\"@type\":\"EntryPoint\",\"urlTemplate\":\"https:\/\/mirahotelyali.com\/?s={search_term_string}\"},\"query-input\":{\"@type\":\"PropertyValueSpecification\",\"valueRequired\":true,\"valueName\":\"search_term_string\"}}],\"inLanguage\":\"tr\"}]}<\/script>\n<!-- \/ Yoast SEO plugin. -->","yoast_head_json":{"title":"Rooms - Mira Hotel K\u00fc\u00e7\u00fckyal\u0131","robots":{"index":"index","follow":"follow","max-snippet":"max-snippet:-1","max-image-preview":"max-image-preview:large","max-video-preview":"max-video-preview:-1"},"canonical":"https:\/\/mirahotelyali.com\/index.php\/rooms\/","og_locale":"tr_TR","og_type":"article","og_title":"Rooms - Mira Hotel K\u00fc\u00e7\u00fckyal\u0131","og_description":"Konfor \u0130\u00e7in Her \u015eey D\u00fc\u015f\u00fcn\u00fcld\u00fc \u015eehrin merkezi konumunda bulunan otelimiz, ister i\u015f seyahati, ister tatil ama\u00e7l\u0131 konaklamalar\u0131n\u0131z i\u00e7in ideal bir tercih sunar. Konforlu odalar\u0131m\u0131z ve modern olanaklar\u0131m\u0131z, rahatlamak ve enerjinizi yenilemek i\u00e7in m\u00fckemmel bir ortam sa\u011flar. Hem i\u015f hem de turistik geziler i\u00e7in uygun olan otelimiz, misafirlerine kaliteli ve keyifli bir konaklama deneyimi sunmay\u0131 hedefler. ...","og_url":"https:\/\/mirahotelyali.com\/index.php\/rooms\/","og_site_name":"Mira Hotel K\u00fc\u00e7\u00fckyal\u0131","article_modified_time":"2025-10-06T09:22:44+00:00","og_image":[{"width":670,"height":1024,"url":"https:\/\/mirahotelyali.com\/wp-content\/uploads\/2025\/09\/jakuzili-oda-.jpg","type":"image\/jpeg"}],"twitter_card":"summary_large_image","twitter_misc":{"Tahmini okuma s\u00fcresi":"1 dakika"},"schema":{"@context":"https:\/\/schema.org","@graph":[{"@type":"WebPage","@id":"https:\/\/mirahotelyali.com\/index.php\/rooms\/","url":"https:\/\/mirahotelyali.com\/index.php\/rooms\/","name":"Rooms - Mira Hotel K\u00fc\u00e7\u00fckyal\u0131","isPartOf":{"@id":"https:\/\/mirahotelyali.com\/#website"},"primaryImageOfPage":{"@id":"https:\/\/mirahotelyali.com\/index.php\/rooms\/#primaryimage"},"image":{"@id":"https:\/\/mirahotelyali.com\/index.php\/rooms\/#primaryimage"},"thumbnailUrl":"https:\/\/mirahotelyali.com\/wp-content\/uploads\/2025\/09\/jakuzili-oda--550x841.jpg","datePublished":"2023-04-22T11:23:38+00:00","dateModified":"2025-10-06T09:22:44+00:00","breadcrumb":{"@id":"https:\/\/mirahotelyali.com\/index.php\/rooms\/#breadcrumb"},"inLanguage":"tr","potentialAction":[{"@type":"ReadAction","target":["https:\/\/mirahotelyali.com\/index.php\/rooms\/"]}]},{"@type":"ImageObject","inLanguage":"tr","@id":"https:\/\/mirahotelyali.com\/index.php\/rooms\/#primaryimage","url":"https:\/\/mirahotelyali.com\/wp-content\/uploads\/2025\/09\/jakuzili-oda-.jpg","contentUrl":"https:\/\/mirahotelyali.com\/wp-content\/uploads\/2025\/09\/jakuzili-oda-.jpg","width":670,"height":1024},{"@type":"BreadcrumbList","@id":"https:\/\/mirahotelyali.com\/index.php\/rooms\/#breadcrumb","itemListElement":[{"@type":"ListItem","position":1,"name":"Home","item":"https:\/\/mirahotelyali.com\/"},{"@type":"ListItem","position":2,"name":"Rooms"}]},{"@type":"WebSite","@id":"https:\/\/mirahotelyali.com\/#website","url":"https:\/\/mirahotelyali.com\/","name":"Mira Hotel K\u00fc\u00e7\u00fckyal\u0131","description":"","potentialAction":[{"@type":"SearchAction","target":{"@type":"EntryPoint","urlTemplate":"https:\/\/mirahotelyali.com\/?s={search_term_string}"},"query-input":{"@type":"PropertyValueSpecification","valueRequired":true,"valueName":"search_term_string"}}],"inLanguage":"tr"}]}},"_links":{"self":[{"href":"https:\/\/mirahotelyali.com\/index.php\/wp-json\/wp\/v2\/pages\/1032","targetHints":{"allow":["GET"]}}],"collection":[{"href":"https:\/\/mirahotelyali.com\/index.php\/wp-json\/wp\/v2\/pages"}],"about":[{"href":"https:\/\/mirahotelyali.com\/index.php\/wp-json\/wp\/v2\/types\/page"}],"author":[{"embeddable":true,"href":"https:\/\/mirahotelyali.com\/index.php\/wp-json\/wp\/v2\/users\/1"}],"replies":[{"embeddable":true,"href":"https:\/\/mirahotelyali.com\/index.php\/wp-json\/wp\/v2\/comments?post=1032"}],"version-history":[{"count":4,"href":"https:\/\/mirahotelyali.com\/index.php\/wp-json\/wp\/v2\/pages\/1032\/revisions"}],"predecessor-version":[{"id":3075,"href":"https:\/\/mirahotelyali.com\/index.php\/wp-json\/wp\/v2\/pages\/1032\/revisions\/3075"}],"wp:attachment":[{"href":"https:\/\/mirahotelyali.com\/index.php\/wp-json\/wp\/v2\/media?parent=1032"}],"curies":[{"name":"wp","href":"https:\/\/api.w.org\/{rel}","templated":true}]}}