{"id":3195,"date":"2025-10-16T11:50:49","date_gmt":"2025-10-16T08:50:49","guid":{"rendered":"https:\/\/mirahotelyali.com\/?page_id=3195"},"modified":"2025-11-27T16:46:28","modified_gmt":"2025-11-27T13:46:28","slug":"booking","status":"publish","type":"page","link":"https:\/\/mirahotelyali.com\/index.php\/booking\/","title":{"rendered":"Rezervasyon"},"content":{"rendered":"\t\t<div data-elementor-type=\"wp-page\" data-elementor-id=\"3195\" class=\"elementor elementor-3195\">\n\t\t\t\t<div class=\"elementor-element elementor-element-10ebbde e-flex e-con-boxed e-con e-parent\" data-id=\"10ebbde\" data-element_type=\"container\">\n\t\t\t\t\t<div class=\"e-con-inner\">\n\t\t\t\t\t<\/div>\n\t\t\t\t<\/div>\n\t\t<div class=\"elementor-element elementor-element-58a37bd e-flex e-con-boxed e-con e-parent\" data-id=\"58a37bd\" data-element_type=\"container\">\n\t\t\t\t\t<div class=\"e-con-inner\">\n\t\t\t\t\t<\/div>\n\t\t\t\t<\/div>\n\t\t<div class=\"elementor-element elementor-element-7bfe20d e-flex e-con-boxed e-con e-parent\" data-id=\"7bfe20d\" data-element_type=\"container\">\n\t\t\t\t\t<div class=\"e-con-inner\">\n\t\t\t\t<div class=\"elementor-element elementor-element-18eadc5 elementor-widget elementor-widget-heading\" data-id=\"18eadc5\" data-element_type=\"widget\" data-widget_type=\"heading.default\">\n\t\t\t\t\t<h2 class=\"elementor-heading-title elementor-size-default\">Rezervasyon<\/h2>\t\t\t\t<\/div>\n\t\t\t\t\t<\/div>\n\t\t\t\t<\/div>\n\t\t<div class=\"elementor-element elementor-element-2a2ee3a e-con-full e-flex e-con e-parent\" data-id=\"2a2ee3a\" data-element_type=\"container\">\n\t\t\t\t<div class=\"elementor-element elementor-element-b84adf9 elementor-widget elementor-widget-html\" data-id=\"b84adf9\" data-element_type=\"widget\" data-widget_type=\"html.default\">\n\t\t\t\t\t<!-- start Booking form script -->\r\n<div id=\"be-booking-form\"><\/div>\r\n<!-- end Booking form script -->\r\n\t\t\t\t<\/div>\n\t\t\t\t<\/div>\n\t\t\t\t<\/div>\n\t\t","protected":false},"excerpt":{"rendered":"<p>Rezervasyon<\/p>\n","protected":false},"author":1,"featured_media":0,"parent":0,"menu_order":0,"comment_status":"closed","ping_status":"closed","template":"elementor_header_footer","meta":{"cozystay_single_page_hide_site_header":"","cozystay_single_page_site_header_source":"","cozystay_single_page_custom_site_header":"0","cozystay_single_page_custom_sticky_site_header":"0","cozystay_single_page_hide_page_title":"","cozystay_single_page_header_section_size":"","cozystay_single_page_header_background_color":"","cozystay_single_page_header_background_position_x":"center","cozystay_single_page_header_background_position_y":"center","cozystay_single_page_header_background_size":"cover","cozystay_single_page_header_background_repeat":"off","cozystay_single_page_header_background_scroll":"on","cozystay_single_page_header_text_color":"","cozystay_single_page_header_show_breadcrumb":"","cozystay_single_page_site_footer_hide_main":"","cozystay_single_custom_site_footer_main_source":"","cozystay_single_custom_site_footer_main":"0","cozystay_single_page_site_footer_hide_above":"","cozystay_single_custom_site_footer_above_source":"","cozystay_single_custom_site_footer_above":"0","cozystay_single_page_site_footer_hide_instagram":"","cozystay_single_page_site_footer_hide_bottom":"","cozystay_single_custom_mobile_menu_source":"","cozystay_single_custom_mobile_menu":"0","cozystay_single_custom_mobile_menu_animation":"","cozystay_single_custom_mobile_menu_width":"","cozystay_single_custom_mobile_menu_custom_width":375,"footnotes":""},"class_list":["post-3195","page","type-page","status-publish","hentry"],"yoast_head":"<!-- This site is optimized with the Yoast SEO plugin v25.9 - https:\/\/yoast.com\/wordpress\/plugins\/seo\/ -->\n<title>Online rezervasyon - Mira Hotel K\u00fc\u00e7\u00fckyal\u0131, Izmir - Resmi Web Sitesi<\/title>\n<meta name=\"robots\" content=\"index, follow, max-snippet:-1, max-image-preview:large, max-video-preview:-1\" \/>\n<link rel=\"canonical\" href=\"https:\/\/mirahotelyali.com\/index.php\/booking\/\" \/>\n<meta property=\"og:locale\" content=\"tr_TR\" \/>\n<meta property=\"og:type\" content=\"article\" \/>\n<meta property=\"og:title\" content=\"Online rezervasyon - Mira Hotel K\u00fc\u00e7\u00fckyal\u0131, Izmir - Resmi Web Sitesi\" \/>\n<meta property=\"og:description\" content=\"Rezervasyon\" \/>\n<meta property=\"og:url\" content=\"https:\/\/mirahotelyali.com\/index.php\/booking\/\" \/>\n<meta property=\"og:site_name\" content=\"Mira Hotel K\u00fc\u00e7\u00fckyal\u0131\" \/>\n<meta property=\"article:modified_time\" content=\"2025-11-27T13:46:28+00:00\" \/>\n<meta name=\"twitter:card\" content=\"summary_large_image\" \/>\n<meta name=\"twitter:label1\" content=\"Tahmini okuma s\u00fcresi\" \/>\n\t<meta name=\"twitter:data1\" content=\"1 dakika\" \/>\n<script type=\"application\/ld+json\" class=\"yoast-schema-graph\">{\"@context\":\"https:\/\/schema.org\",\"@graph\":[{\"@type\":\"WebPage\",\"@id\":\"https:\/\/mirahotelyali.com\/index.php\/booking\/\",\"url\":\"https:\/\/mirahotelyali.com\/index.php\/booking\/\",\"name\":\"Online rezervasyon - Mira Hotel K\u00fc\u00e7\u00fckyal\u0131, Izmir - Resmi Web Sitesi\",\"isPartOf\":{\"@id\":\"https:\/\/mirahotelyali.com\/#website\"},\"datePublished\":\"2025-10-16T08:50:49+00:00\",\"dateModified\":\"2025-11-27T13:46:28+00:00\",\"breadcrumb\":{\"@id\":\"https:\/\/mirahotelyali.com\/index.php\/booking\/#breadcrumb\"},\"inLanguage\":\"tr\",\"potentialAction\":[{\"@type\":\"ReadAction\",\"target\":[\"https:\/\/mirahotelyali.com\/index.php\/booking\/\"]}]},{\"@type\":\"BreadcrumbList\",\"@id\":\"https:\/\/mirahotelyali.com\/index.php\/booking\/#breadcrumb\",\"itemListElement\":[{\"@type\":\"ListItem\",\"position\":1,\"name\":\"Home\",\"item\":\"https:\/\/mirahotelyali.com\/\"},{\"@type\":\"ListItem\",\"position\":2,\"name\":\"Rezervasyon\"}]},{\"@type\":\"WebSite\",\"@id\":\"https:\/\/mirahotelyali.com\/#website\",\"url\":\"https:\/\/mirahotelyali.com\/\",\"name\":\"Mira Hotel K\u00fc\u00e7\u00fckyal\u0131\",\"description\":\"\",\"potentialAction\":[{\"@type\":\"SearchAction\",\"target\":{\"@type\":\"EntryPoint\",\"urlTemplate\":\"https:\/\/mirahotelyali.com\/?s={search_term_string}\"},\"query-input\":{\"@type\":\"PropertyValueSpecification\",\"valueRequired\":true,\"valueName\":\"search_term_string\"}}],\"inLanguage\":\"tr\"}]}<\/script>\n<!-- \/ Yoast SEO plugin. -->","yoast_head_json":{"title":"Online rezervasyon - Mira Hotel K\u00fc\u00e7\u00fckyal\u0131, Izmir - Resmi Web Sitesi","robots":{"index":"index","follow":"follow","max-snippet":"max-snippet:-1","max-image-preview":"max-image-preview:large","max-video-preview":"max-video-preview:-1"},"canonical":"https:\/\/mirahotelyali.com\/index.php\/booking\/","og_locale":"tr_TR","og_type":"article","og_title":"Online rezervasyon - Mira Hotel K\u00fc\u00e7\u00fckyal\u0131, Izmir - Resmi Web Sitesi","og_description":"Rezervasyon","og_url":"https:\/\/mirahotelyali.com\/index.php\/booking\/","og_site_name":"Mira Hotel K\u00fc\u00e7\u00fckyal\u0131","article_modified_time":"2025-11-27T13:46:28+00:00","twitter_card":"summary_large_image","twitter_misc":{"Tahmini okuma s\u00fcresi":"1 dakika"},"schema":{"@context":"https:\/\/schema.org","@graph":[{"@type":"WebPage","@id":"https:\/\/mirahotelyali.com\/index.php\/booking\/","url":"https:\/\/mirahotelyali.com\/index.php\/booking\/","name":"Online rezervasyon - Mira Hotel K\u00fc\u00e7\u00fckyal\u0131, Izmir - Resmi Web Sitesi","isPartOf":{"@id":"https:\/\/mirahotelyali.com\/#website"},"datePublished":"2025-10-16T08:50:49+00:00","dateModified":"2025-11-27T13:46:28+00:00","breadcrumb":{"@id":"https:\/\/mirahotelyali.com\/index.php\/booking\/#breadcrumb"},"inLanguage":"tr","potentialAction":[{"@type":"ReadAction","target":["https:\/\/mirahotelyali.com\/index.php\/booking\/"]}]},{"@type":"BreadcrumbList","@id":"https:\/\/mirahotelyali.com\/index.php\/booking\/#breadcrumb","itemListElement":[{"@type":"ListItem","position":1,"name":"Home","item":"https:\/\/mirahotelyali.com\/"},{"@type":"ListItem","position":2,"name":"Rezervasyon"}]},{"@type":"WebSite","@id":"https:\/\/mirahotelyali.com\/#website","url":"https:\/\/mirahotelyali.com\/","name":"Mira Hotel K\u00fc\u00e7\u00fckyal\u0131","description":"","potentialAction":[{"@type":"SearchAction","target":{"@type":"EntryPoint","urlTemplate":"https:\/\/mirahotelyali.com\/?s={search_term_string}"},"query-input":{"@type":"PropertyValueSpecification","valueRequired":true,"valueName":"search_term_string"}}],"inLanguage":"tr"}]}},"_links":{"self":[{"href":"https:\/\/mirahotelyali.com\/index.php\/wp-json\/wp\/v2\/pages\/3195","targetHints":{"allow":["GET"]}}],"collection":[{"href":"https:\/\/mirahotelyali.com\/index.php\/wp-json\/wp\/v2\/pages"}],"about":[{"href":"https:\/\/mirahotelyali.com\/index.php\/wp-json\/wp\/v2\/types\/page"}],"author":[{"embeddable":true,"href":"https:\/\/mirahotelyali.com\/index.php\/wp-json\/wp\/v2\/users\/1"}],"replies":[{"embeddable":true,"href":"https:\/\/mirahotelyali.com\/index.php\/wp-json\/wp\/v2\/comments?post=3195"}],"version-history":[{"count":13,"href":"https:\/\/mirahotelyali.com\/index.php\/wp-json\/wp\/v2\/pages\/3195\/revisions"}],"predecessor-version":[{"id":3270,"href":"https:\/\/mirahotelyali.com\/index.php\/wp-json\/wp\/v2\/pages\/3195\/revisions\/3270"}],"wp:attachment":[{"href":"https:\/\/mirahotelyali.com\/index.php\/wp-json\/wp\/v2\/media?parent=3195"}],"curies":[{"name":"wp","href":"https:\/\/api.w.org\/{rel}","templated":true}]}}